{"id":7,"date":"2023-07-18T11:50:22","date_gmt":"2023-07-18T11:50:22","guid":{"rendered":"https:\/\/petmobility.hu\/?page_id=3"},"modified":"2025-07-01T04:52:18","modified_gmt":"2025-07-01T04:52:18","slug":"data-management-information","status":"publish","type":"page","link":"https:\/\/petmobility.hu\/en\/data-management-information\/","title":{"rendered":"Privacy notice"},"content":{"rendered":"<div class=\"fusion-fullwidth fullwidth-box fusion-builder-row-1 fusion-flex-container nonhundred-percent-fullwidth non-hundred-percent-height-scrolling\" style=\"--awb-border-radius-top-left:0px;--awb-border-radius-top-right:0px;--awb-border-radius-bottom-right:0px;--awb-border-radius-bottom-left:0px;--awb-flex-wrap:wrap;\" ><div class=\"fusion-builder-row fusion-row fusion-flex-align-items-flex-start fusion-flex-content-wrap\" style=\"max-width:1248px;margin-left: calc(-4% \/ 2 );margin-right: calc(-4% \/ 2 );\"><div class=\"fusion-layout-column fusion_builder_column fusion-builder-column-0 fusion_builder_column_1_1 1_1 fusion-flex-column\" style=\"--awb-bg-size:cover;--awb-width-large:100%;--awb-margin-top-large:0px;--awb-spacing-right-large:1.92%;--awb-margin-bottom-large:0px;--awb-spacing-left-large:1.92%;--awb-width-medium:100%;--awb-spacing-right-medium:1.92%;--awb-spacing-left-medium:1.92%;--awb-width-small:100%;--awb-spacing-right-small:1.92%;--awb-spacing-left-small:1.92%;\"><div class=\"fusion-column-wrapper fusion-flex-justify-content-flex-start fusion-content-layout-column\"><div class=\"fusion-text fusion-text-1\"><p><iframe class=\"lazyload\" width=\"100%\" height=\"1000\" src=\"data:image\/svg+xml,%3Csvg%20xmlns%3D%27http%3A%2F%2Fwww.w3.org%2F2000%2Fsvg%27%20width%3D%27100%27%20height%3D%271000%27%20viewBox%3D%270%200%20100%201000%27%3E%3Crect%20width%3D%27100%27%20height%3D%271000%27%20fill-opacity%3D%220%22%2F%3E%3C%2Fsvg%3E\" data-orig-src=\"https:\/\/api.virtualjog.hu\/api\/v1\/document\/9008?access-token=c8f38b12c1ac269657e09c7318d91485\" frameborder=\"0\"><\/iframe><\/p>\n<\/div><div class=\"fusion-text fusion-text-2\"><p><iframe width='100%' height='1000' src='https:\/\/api.virtualjog.hu\/api\/v1\/document\/9253?access-token=c8f38b12c1ac269657e09c7318d91485' frameborder='0'><\/iframe><\/p>\n<\/div><\/div><\/div><\/div><\/div>","protected":false},"excerpt":{"rendered":"","protected":false},"author":1,"featured_media":2568,"parent":0,"menu_order":0,"comment_status":"closed","ping_status":"open","template":"100-width.php","meta":{"footnotes":""},"yoast_head":"<!-- This site is optimized with the Yoast SEO plugin v23.4 - https:\/\/yoast.com\/wordpress\/plugins\/seo\/ -->\n<title>Adatkezel\u00e9si t\u00e1j\u00e9koztat\u00f3 - PetMobility<\/title>\n<meta name=\"robots\" content=\"index, follow, max-snippet:-1, max-image-preview:large, max-video-preview:-1\" \/>\n<link rel=\"canonical\" href=\"https:\/\/petmobility.hu\/en\/data-management-information\/\" \/>\n<meta property=\"og:locale\" content=\"en_US\" \/>\n<meta property=\"og:type\" content=\"article\" \/>\n<meta property=\"og:title\" content=\"Adatkezel\u00e9si t\u00e1j\u00e9koztat\u00f3 - PetMobility\" \/>\n<meta property=\"og:url\" content=\"https:\/\/petmobility.hu\/en\/data-management-information\/\" \/>\n<meta property=\"og:site_name\" content=\"PetMobility\" \/>\n<meta property=\"article:modified_time\" content=\"2025-07-01T04:52:18+00:00\" \/>\n<meta property=\"og:image\" content=\"https:\/\/petmobility.hu\/wp-content\/uploads\/2023\/09\/pet-mobility-impresszum-fejlec-kep-900x500px.webp\" \/>\n\t<meta property=\"og:image:width\" content=\"900\" \/>\n\t<meta property=\"og:image:height\" content=\"500\" \/>\n\t<meta property=\"og:image:type\" content=\"image\/webp\" \/>\n<meta name=\"twitter:card\" content=\"summary_large_image\" \/>\n<meta name=\"twitter:label1\" content=\"Est. reading time\" \/>\n\t<meta name=\"twitter:data1\" content=\"1 minute\" \/>\n<script type=\"application\/ld+json\" class=\"yoast-schema-graph\">{\"@context\":\"https:\/\/schema.org\",\"@graph\":[{\"@type\":\"WebPage\",\"@id\":\"https:\/\/petmobility.hu\/adatkezelesi-tajekoztato\/\",\"url\":\"https:\/\/petmobility.hu\/adatkezelesi-tajekoztato\/\",\"name\":\"Adatkezel\u00e9si t\u00e1j\u00e9koztat\u00f3 - PetMobility\",\"isPartOf\":{\"@id\":\"https:\/\/petmobility.hu\/#website\"},\"primaryImageOfPage\":{\"@id\":\"https:\/\/petmobility.hu\/adatkezelesi-tajekoztato\/#primaryimage\"},\"image\":{\"@id\":\"https:\/\/petmobility.hu\/adatkezelesi-tajekoztato\/#primaryimage\"},\"thumbnailUrl\":\"https:\/\/petmobility.hu\/wp-content\/uploads\/2023\/09\/pet-mobility-impresszum-fejlec-kep-900x500px.webp\",\"datePublished\":\"2023-07-18T11:50:22+00:00\",\"dateModified\":\"2025-07-01T04:52:18+00:00\",\"breadcrumb\":{\"@id\":\"https:\/\/petmobility.hu\/adatkezelesi-tajekoztato\/#breadcrumb\"},\"inLanguage\":\"en-US\",\"potentialAction\":[{\"@type\":\"ReadAction\",\"target\":[\"https:\/\/petmobility.hu\/adatkezelesi-tajekoztato\/\"]}]},{\"@type\":\"ImageObject\",\"inLanguage\":\"en-US\",\"@id\":\"https:\/\/petmobility.hu\/adatkezelesi-tajekoztato\/#primaryimage\",\"url\":\"https:\/\/petmobility.hu\/wp-content\/uploads\/2023\/09\/pet-mobility-impresszum-fejlec-kep-900x500px.webp\",\"contentUrl\":\"https:\/\/petmobility.hu\/wp-content\/uploads\/2023\/09\/pet-mobility-impresszum-fejlec-kep-900x500px.webp\",\"width\":900,\"height\":500},{\"@type\":\"BreadcrumbList\",\"@id\":\"https:\/\/petmobility.hu\/adatkezelesi-tajekoztato\/#breadcrumb\",\"itemListElement\":[{\"@type\":\"ListItem\",\"position\":1,\"name\":\"Kezd\u0151lap\",\"item\":\"https:\/\/petmobility.hu\/\"},{\"@type\":\"ListItem\",\"position\":2,\"name\":\"Adatkezel\u00e9si t\u00e1j\u00e9koztat\u00f3\"}]},{\"@type\":\"WebSite\",\"@id\":\"https:\/\/petmobility.hu\/#website\",\"url\":\"https:\/\/petmobility.hu\/\",\"name\":\"PetMobility\",\"description\":\"Kis&aacute;llat Fizioter&aacute;pi&aacute;s K&ouml;zpont\",\"potentialAction\":[{\"@type\":\"SearchAction\",\"target\":{\"@type\":\"EntryPoint\",\"urlTemplate\":\"https:\/\/petmobility.hu\/?s={search_term_string}\"},\"query-input\":{\"@type\":\"PropertyValueSpecification\",\"valueRequired\":true,\"valueName\":\"search_term_string\"}}],\"inLanguage\":\"en-US\"}]}<\/script>\n<!-- \/ Yoast SEO plugin. -->","yoast_head_json":{"title":"Privacy Policy - PetMobility","robots":{"index":"index","follow":"follow","max-snippet":"max-snippet:-1","max-image-preview":"max-image-preview:large","max-video-preview":"max-video-preview:-1"},"canonical":"https:\/\/petmobility.hu\/en\/data-management-information\/","og_locale":"en_US","og_type":"article","og_title":"Adatkezel\u00e9si t\u00e1j\u00e9koztat\u00f3 - PetMobility","og_url":"https:\/\/petmobility.hu\/en\/data-management-information\/","og_site_name":"PetMobility","article_modified_time":"2025-07-01T04:52:18+00:00","og_image":[{"width":900,"height":500,"url":"https:\/\/petmobility.hu\/wp-content\/uploads\/2023\/09\/pet-mobility-impresszum-fejlec-kep-900x500px.webp","type":"image\/webp"}],"twitter_card":"summary_large_image","twitter_misc":{"Est. reading time":"1 minute"},"schema":{"@context":"https:\/\/schema.org","@graph":[{"@type":"WebPage","@id":"https:\/\/petmobility.hu\/adatkezelesi-tajekoztato\/","url":"https:\/\/petmobility.hu\/adatkezelesi-tajekoztato\/","name":"Privacy Policy - PetMobility","isPartOf":{"@id":"https:\/\/petmobility.hu\/#website"},"primaryImageOfPage":{"@id":"https:\/\/petmobility.hu\/adatkezelesi-tajekoztato\/#primaryimage"},"image":{"@id":"https:\/\/petmobility.hu\/adatkezelesi-tajekoztato\/#primaryimage"},"thumbnailUrl":"https:\/\/petmobility.hu\/wp-content\/uploads\/2023\/09\/pet-mobility-impresszum-fejlec-kep-900x500px.webp","datePublished":"2023-07-18T11:50:22+00:00","dateModified":"2025-07-01T04:52:18+00:00","breadcrumb":{"@id":"https:\/\/petmobility.hu\/adatkezelesi-tajekoztato\/#breadcrumb"},"inLanguage":"en-US","potentialAction":[{"@type":"ReadAction","target":["https:\/\/petmobility.hu\/adatkezelesi-tajekoztato\/"]}]},{"@type":"ImageObject","inLanguage":"en-US","@id":"https:\/\/petmobility.hu\/adatkezelesi-tajekoztato\/#primaryimage","url":"https:\/\/petmobility.hu\/wp-content\/uploads\/2023\/09\/pet-mobility-impresszum-fejlec-kep-900x500px.webp","contentUrl":"https:\/\/petmobility.hu\/wp-content\/uploads\/2023\/09\/pet-mobility-impresszum-fejlec-kep-900x500px.webp","width":900,"height":500},{"@type":"BreadcrumbList","@id":"https:\/\/petmobility.hu\/adatkezelesi-tajekoztato\/#breadcrumb","itemListElement":[{"@type":"ListItem","position":1,"name":"Kezd\u0151lap","item":"https:\/\/petmobility.hu\/"},{"@type":"ListItem","position":2,"name":"Adatkezel\u00e9si t\u00e1j\u00e9koztat\u00f3"}]},{"@type":"WebSite","@id":"https:\/\/petmobility.hu\/#website","url":"https:\/\/petmobility.hu\/","name":"PetMobility","description":"Pet Physiotherapy Centre","potentialAction":[{"@type":"SearchAction","target":{"@type":"EntryPoint","urlTemplate":"https:\/\/petmobility.hu\/?s={search_term_string}"},"query-input":{"@type":"PropertyValueSpecification","valueRequired":true,"valueName":"search_term_string"}}],"inLanguage":"en-US"}]}},"_links":{"self":[{"href":"https:\/\/petmobility.hu\/en\/wp-json\/wp\/v2\/pages\/7"}],"collection":[{"href":"https:\/\/petmobility.hu\/en\/wp-json\/wp\/v2\/pages"}],"about":[{"href":"https:\/\/petmobility.hu\/en\/wp-json\/wp\/v2\/types\/page"}],"author":[{"embeddable":true,"href":"https:\/\/petmobility.hu\/en\/wp-json\/wp\/v2\/users\/1"}],"replies":[{"embeddable":true,"href":"https:\/\/petmobility.hu\/en\/wp-json\/wp\/v2\/comments?post=7"}],"version-history":[{"count":6,"href":"https:\/\/petmobility.hu\/en\/wp-json\/wp\/v2\/pages\/7\/revisions"}],"predecessor-version":[{"id":4791,"href":"https:\/\/petmobility.hu\/en\/wp-json\/wp\/v2\/pages\/7\/revisions\/4791"}],"wp:featuredmedia":[{"embeddable":true,"href":"https:\/\/petmobility.hu\/en\/wp-json\/wp\/v2\/media\/2568"}],"wp:attachment":[{"href":"https:\/\/petmobility.hu\/en\/wp-json\/wp\/v2\/media?parent=7"}],"curies":[{"name":"wp","href":"https:\/\/api.w.org\/{rel}","templated":true}]}}