{"id":12,"date":"2022-12-02T16:26:08","date_gmt":"2022-12-02T16:26:08","guid":{"rendered":"https:\/\/avadawebsites.wpengine.com\/bed-and-breakfast\/services\/"},"modified":"2026-02-01T17:13:21","modified_gmt":"2026-02-01T17:13:21","slug":"hazirend","status":"publish","type":"page","link":"https:\/\/petmobility.hu\/en\/hazirend\/","title":{"rendered":"Rules"},"content":{"rendered":"<div class=\"fusion-fullwidth fullwidth-box fusion-builder-row-1 fusion-flex-container has-pattern-background has-mask-background nonhundred-percent-fullwidth non-hundred-percent-height-scrolling\" style=\"--awb-background-position:left center;--awb-border-radius-top-left:0px;--awb-border-radius-top-right:0px;--awb-border-radius-bottom-right:0px;--awb-border-radius-bottom-left:0px;--awb-padding-top:50px;--awb-padding-bottom:0px;--awb-padding-top-medium:90px;--awb-padding-bottom-medium:90px;--awb-background-color:var(--awb-color1);--awb-flex-wrap:wrap;\" ><div class=\"fusion-builder-row fusion-row fusion-flex-align-items-flex-start fusion-flex-justify-content-center fusion-flex-content-wrap\" style=\"max-width:calc( 1200px + 100px );margin-left: calc(-100px \/ 2 );margin-right: calc(-100px \/ 2 );\"><div class=\"fusion-layout-column fusion_builder_column fusion-builder-column-0 fusion_builder_column_1_1 1_1 fusion-flex-column fusion-animated\" style=\"--awb-bg-size:cover;--awb-width-large:100%;--awb-margin-top-large:0px;--awb-spacing-right-large:50px;--awb-margin-bottom-large:20px;--awb-spacing-left-large:50px;--awb-width-medium:100%;--awb-order-medium:0;--awb-spacing-right-medium:50px;--awb-spacing-left-medium:50px;--awb-width-small:100%;--awb-order-small:0;--awb-spacing-right-small:50px;--awb-margin-bottom-small:80px;--awb-spacing-left-small:50px;\" data-animationtype=\"fadeInRight\" data-animationduration=\"0.8\" data-animationdelay=\"0.6\" data-animationoffset=\"top-into-view\"><div class=\"fusion-column-wrapper fusion-column-has-shadow fusion-flex-justify-content-flex-start fusion-content-layout-column\"><div class=\"fusion-title title fusion-title-1 fusion-sep-none fusion-title-text fusion-title-size-one\" style=\"--awb-text-color:var(--awb-color8);--awb-margin-top:5px;--awb-margin-top-small:10px;--awb-margin-right-small:0px;--awb-margin-bottom-small:10px;--awb-margin-left-small:0px;\"><h1 class=\"fusion-title-heading title-heading-left sm-text-align-center\" style=\"margin:0;\">Dear Farmers!<\/h1><\/div><div class=\"fusion-text fusion-text-1\" style=\"--awb-font-size:var(--awb-typography4-font-size);--awb-line-height:var(--awb-typography4-line-height);--awb-letter-spacing:var(--awb-typography4-letter-spacing);--awb-text-transform:var(--awb-typography4-text-transform);--awb-text-color:var(--awb-color8);--awb-text-font-family:var(--awb-typography4-font-family);--awb-text-font-weight:var(--awb-typography4-font-weight);--awb-text-font-style:var(--awb-typography4-font-style);\"><p>Please read the following agenda items carefully to ensure smooth cooperation!<\/p>\n<\/div><div class=\"fusion-separator\" style=\"align-self: flex-start;margin-right:auto;margin-top:10px;margin-bottom:50px;width:100%;max-width:200px;\"><div class=\"fusion-separator-border sep-single sep-solid\" style=\"--awb-height:20px;--awb-amount:20px;--awb-sep-color:var(--awb-color4);border-color:var(--awb-color4);border-top-width:1px;\"><\/div><\/div><div class=\"fusion-text fusion-text-2\" style=\"--awb-content-alignment:left;\"><p><strong>A Pet Mobilitybe t\u00f6rt\u00e9n\u0151 bel\u00e9p\u00e9ssel a gazdi elfogadja a h\u00e1zirendet, mag\u00e1ra \u00e9s kedvenc\u00e9re n\u00e9zve k\u00f6telez\u0151nek fogadja el azt!<\/strong><\/p>\n<p>Physiotherapy is used as an adjunct treatment for orthopaedic or other neurological conditions. It helps to prevent the development of possible orthopaedic disorders, can prepare the animal for possible surgery, helps to speed up and improve recovery after surgery, but <strong>DOES NOT REQUIRE veterinary examination and treatment!<\/strong><\/p>\n<p>K\u00e9rj\u00fck legyenek kedvesek kedvenc\u00fcket p\u00f3r\u00e1zon tartani, am\u00edg a terapeuta nem jelzi, hogy engedj\u00e9k el! Amennyiben, az \u00e1llat agressz\u00edv, vagy bizalmatlan a t\u00f6bbi \u00e1llattal, legyenek sz\u00edvesek sz\u00e1jkosarat tenni a kedvenc\u00fckre, vagy a recepci\u00f3n k\u00edv\u00fcl, a t\u00f6bbi \u00e1llatt\u00f3l elk\u00fcl\u00f6n\u00fclve v\u00e1rakozni, hogy elker\u00fclj\u00fck az esetleges baleseteket.<\/p>\n<p><b>Reactive puppy<\/b> <b>in case of<\/b>, in all cases, please let us know in advance so that we can provide separate access to ensure that the dog feels safe and does not meet other dogs.<\/p>\n<p>Amennyiben kedvence l\u00e1zas, hasmen\u00e9se, vagy fert\u0151z\u0151 betegs\u00e9ge van, abban az esetben a t\u00f6bbi kedvenc \u00e9rdek\u00e9ben nem tudjuk v\u00e1llalni a kezel\u00e9st!<\/p>\n<p><strong>The treatment time does not always match the time confirmed by the appointment booking system.<\/strong> The treatment time is adapted to the patient's load capacity and needs, and is always decided by the physiotherapist on the basis of professional criteria.<\/p>\n<p>Please always arrive on time for the appointment! It is advisable to arrive 5-10 minutes before your appointment so that you can take care of the administrative and other tasks in a comfortable way! Also, please take a health walk in the green area at the end of the street before the treatment!<\/p>\n<p>Amennyiben b\u00e1rmilyen okb\u00f3l k\u00e9snek, azt legyenek sz\u00edvesek telefonon jelezni! A k\u00e9s\u00e9s idej\u00e9t sajnos le kell vonnunk a kezel\u00e9s id\u0151tartam\u00e1b\u00f3l! Ha a k\u00e9s\u00e9s meghaladja a 15 percet, a terapeuta megtagadhatja a kezel\u00e9st! A kezel\u00e9s \u00e1r\u00e1t azonban, ebben az esetben is ki kell fizetni!<\/p>\n<p><strong>A megn\u00f6vekedett \u00fcgyf\u00e9lforgalom miatt az id\u0151pont lemond\u00e1sra d\u00edjmentesen k\u00e9t nappal a kezel\u00e9st megel\u0151z\u0151en van lehet\u0151s\u00e9g\u00fck! Ha a lemond\u00e1s a kezel\u00e9s napj\u00e1t megel\u0151z\u0151 48 \u00f3r\u00e1ban t\u00f6rt\u00e9nik, akkor a kezel\u00e9s teljes \u00f6sszeg\u00e9t sz\u00e1m\u00edtjuk fel, melyr\u0151l \u00e1tutal\u00e1sos sz\u00e1ml\u00e1t \u00e1ll\u00edtunk ki, vagy a k\u00f6vetkez\u0151 alkalom sor\u00e1n \u00e9rv\u00e9nyes\u00edt\u00fcnk!<\/strong><\/p>\n<p>Animals should preferably come on an empty stomach to make it easier to motivate them with a reward bite. (If possible, they should not be fed for 4-5 hours before the treatment. An exception to this is if the animal is on medication, which should not be taken on an empty stomach.)<\/p>\n<p>Amennyiben a kedven\u00fck speci\u00e1lis \u00e9tkez\u00e9sre szorul, k\u00e9rj\u00fck mindig gondoskodjanak megfelel\u0151 mennyis\u00e9g\u0171 saj\u00e1t jutalomfalatr\u00f3l. \u00cdgy elker\u00fclhetj\u00fck az allergi\u00e1kat \u00e9s az esetleges gyomorpanaszokat, amit egy nem megszokott t\u00e1p\/jutalom falat okozhat.<\/p>\n<p><b>It's important to know that the success of rehabilitation depends largely on regularity and conscientious practice at home! The recommended treatment protocol is a minimum of 5-10 sessions, typically on a weekly basis - depending on the status of the animal being rehabilitated. <\/b><\/p>\n<p><b>If the owner is not able to comply with the treatment time and regularity set and recommended by the physiotherapist, the therapist will not be responsible for the outcome and success of the rehabilitation.<\/b><\/p>\n<p>The animal should always arrive with a clean coat, free of external and internal parasites.<\/p>\n<p>Puppies may only participate in the treatments with a valid rabies and\/or large combined vaccination!<\/p>\n<p>Minden gazdi saj\u00e1t felel\u0151ss\u00e9g\u00e9re tart\u00f3zkodhat bent a kezel\u00e9sek alatt, a terapeuta enged\u00e9ly\u00e9vel. Amennyiben a terapeuta \u00fagy \u00edt\u00e9li meg, hogy az \u00e1llattal k\u00f6nnyebben \u00e9s hat\u00e9konyabban tud dolgozni \u00fagy, hogy a gazdi nincs bent a kezel\u00e9sen, a gazdi ezt k\u00f6teles elfogadni \u00e9s a v\u00e1r\u00f3ban megv\u00e1rni am\u00edg a kedvence v\u00e9gez.<\/p>\n<p>A gazdi kezel\u00e9s sor\u00e1n bek\u00f6vetkez\u0151 esetleges s\u00e9r\u00fcl\u00e9s\u00e9rt \u00e9s anyagi k\u00e1r\u00e1\u00e9rt a Pet Mobility nem v\u00e1llal felel\u0151ss\u00e9get sem a kezel\u0151n bel\u00fcl, sem azon k\u00edv\u00fcl.<\/p>\n<p>Amennyiben az kis\u00e1llat b\u00e1rmilyen k\u00e1rt okoz, a gazdi k\u00f6teles azt megt\u00e9r\u00edteni.<\/p>\n<p>A kezel\u00e9sre k\u00e9rj\u00fck, hogy csak a kezelend\u0151 kedvenc\u00e9t hozza mag\u00e1val, mert a m\u00e1sik \u00e1llat elvonhatja a p\u00e1ciens figyelm\u00e9t!<\/p>\n<p>A vide\u00f3z\u00e1st \u00e9s fot\u00f3z\u00e1st k\u00e9rj\u00fck legyenek kedvesek mell\u0151zni, mivel ez szint\u00e9n elvonhatja a kezelend\u0151 kiskedvenc figyelm\u00e9t! Amennyiben m\u00e9gis fot\u00f3t vagy vide\u00f3t szeretne k\u00e9sz\u00edteni, azt csak a terapeuta beleegyez\u00e9s\u00e9vel \u00e9s enged\u00e9ly\u00e9vel teheti meg.<\/p>\n<p>A kezel\u0151kben biztons\u00e1gi kamera m\u0171k\u00f6dik, a bel\u00e9p\u00e9ssel elfogadja, hogy hang- \u00e9s videofelv\u00e9tel k\u00e9sz\u00fcl \u00d6nr\u0151l, esetleges k\u00eds\u00e9r\u0151ir\u0151l \u00e9s kedvenc\u00e9r\u0151l.<\/p>\n<p>Please use the parking lot in front of Pet Mobility for parking.<\/p>\n<p>K\u00e9rj\u00fck legyenek kedvesek kedvenc\u00fck \u00fcr\u00fcl\u00e9k\u00e9t minden esetben felszedni mind a K\u00f6zpont ter\u00fclet\u00e9n, mind pedig az udvaron, illetve utcafronton! Amennyiben sz\u00fcks\u00e9ges, \u201ekakizacsit\u201d biztos\u00edtunk, de k\u00e9rj\u00fck legyenek sz\u00edvesek jelezni azt a recepci\u00f3n! A tisztas\u00e1g meg\u0151rz\u00e9se k\u00f6z\u00f6s \u00e9rdek\u00fcnk!<\/p>\n<p>Smoking is not allowed within 5 metres of the entrance to the Centre - please use the designated smoking area in the garden. To keep the area clean, please dispose of cigarette butts in the designated collection area.<\/p>\n<p>Az esetleges v\u00e1rakoz\u00e1s ideje alatt, k\u00e9rj\u00fck legyenek kedvesek m\u00e1sokat \u00e9s az \u00e1llatokat nem zavarva v\u00e1rakozni. Amennyiben valaki olyan viselked\u00e9st tan\u00fas\u00edt munkat\u00e1rsainkkal, vagy m\u00e1s p\u00e1cienseinkkel szemben, ami nem elfogadhat\u00f3, a kezel\u00e9st megtagadhatjuk \u00e9s a gazdit azonnali t\u00e1voz\u00e1sra sz\u00f3l\u00edthatjuk fel!<br \/>\nB\u00e1rmilyen v\u00e1ratlan helyzetben a terapeuta \u00e9s az int\u00e9zm\u00e9nyvezet\u0151 szava a d\u00f6nt\u0151.<\/p>\n<p>If you wish to purchase any products used during your treatment, you can do so at our reception or in our webshop.<\/p>\n<p><strong>Information on hydrotherapy:<\/strong><\/p>\n<p>B\u0151rbetegs\u00e9get vagy b\u0151rs\u00e9r\u00fcl\u00e9st az \u00e1llat \u00e9rdek\u00e9ben jelezni kell a kezel\u00e9s megkezd\u00e9se el\u0151tt a terapeut\u00e1nak.<\/p>\n<p><strong>It is forbidden to reach into the hydrotherapy bath, to bend into it, to lean on the bath or to adjust the bath door without permission!<\/strong><\/p>\n<p>A kezel\u00e9s v\u00e9g\u00e9n igyeksz\u00fcnk teljesen megsz\u00e1r\u00edtani az \u00e1llatot, de hideg id\u0151ben k\u00e9rj\u00fck gondoskodjon kutyakab\u00e1tr\u00f3l vagy takar\u00f3r\u00f3l, illetve a kezel\u00e9s ut\u00e1n a teljes sz\u00e1rad\u00e1sig mindig meleg, sz\u00e1raz helyen tartsa a kis\u00e1llatot.<\/p>\n<p><strong>The hydrotherapy treatment time includes drying time.<\/strong><\/p>\n<p><strong>Information on laser therapy:<\/strong><\/p>\n<p>M\u0171szeres kezel\u0151nkben ter\u00e1pi\u00e1s c\u00e9llal IV. oszt\u00e1ly\u00fa, di\u00f3da l\u00e9zeres f\u00e1jdalomcsillap\u00edt\u00f3 ter\u00e1pi\u00e1s rendszer, illetve ASA MLS l\u00e9zer \u00e1ll rendelkez\u00e9sre, amit kiz\u00e1r\u00f3lag a terapeuta \u00fczemeltethet.<\/p>\n<p>A nagy energi\u00e1j\u00fa l\u00e9zerek szemk\u00e1rosod\u00e1st okozhatnak, ak\u00e1r csukott szemmel is, ez\u00e9rt elengedhetetlen, hogy mind a p\u00e1ciensek, mind a terapeut\u00e1k v\u00e9d\u0151szem\u00fcveget viseljenek! A v\u00e9d\u0151szem\u00fcveg biztos\u00edtott!<\/p>\n<p>A kezel\u0151helyis\u00e9gben a kezel\u00e9s sor\u00e1n, kiz\u00e1r\u00f3lag a p\u00e1ciens, a kezel\u00e9st v\u00e9gz\u0151 terapeuta, illetve a r\u00f6gz\u00edt\u00e9shez sz\u00fcks\u00e9ges gazdi tart\u00f3zkodhat!<\/p>\n<p>K\u00e9rj\u00fck \u00d6n\u00f6ket, hogy a Pet Mobility Kis\u00e1llat Fizioter\u00e1pi\u00e1s K\u00f6zpont h\u00e1zirendj\u00e9t minden esetben tarts\u00e1k be, hogy z\u00f6kken\u0151mentes gy\u00f3gyul\u00e1st tudjunk biztos\u00edtani a kedvenceik r\u00e9sz\u00e9re!<\/p>\n<p>In case of a complaint, please write to <a href=\"mailto:info.petmobility@gmail.com\">info@petmobility<\/a>.hu e-mail c\u00edmre.<\/p>\n<p>We reserve the right to use photos\/videos taken by the Pet Mobility Team.<\/p>\n<p><strong>Thank you for your cooperation!<\/strong><\/p>\n<\/div><\/div><\/div><\/div><\/div>","protected":false},"excerpt":{"rendered":"","protected":false},"author":1,"featured_media":2562,"parent":0,"menu_order":0,"comment_status":"closed","ping_status":"closed","template":"100-width.php","meta":{"footnotes":""},"yoast_head":"<!-- This site is optimized with the Yoast SEO plugin v23.4 - https:\/\/yoast.com\/wordpress\/plugins\/seo\/ -->\n<title>H\u00e1zirend - PetMobility<\/title>\n<meta name=\"robots\" content=\"index, follow, max-snippet:-1, max-image-preview:large, max-video-preview:-1\" \/>\n<link rel=\"canonical\" href=\"https:\/\/petmobility.hu\/en\/hazirend\/\" \/>\n<meta property=\"og:locale\" content=\"en_US\" \/>\n<meta property=\"og:type\" content=\"article\" \/>\n<meta property=\"og:title\" content=\"H\u00e1zirend - PetMobility\" \/>\n<meta property=\"og:url\" content=\"https:\/\/petmobility.hu\/en\/hazirend\/\" \/>\n<meta property=\"og:site_name\" content=\"PetMobility\" \/>\n<meta property=\"article:modified_time\" content=\"2026-02-01T17:13:21+00:00\" \/>\n<meta property=\"og:image\" content=\"https:\/\/petmobility.hu\/wp-content\/uploads\/2023\/09\/pet-mobility-hazirend-fejlec-kep-900x500px.webp\" \/>\n\t<meta property=\"og:image:width\" content=\"900\" \/>\n\t<meta property=\"og:image:height\" content=\"500\" \/>\n\t<meta property=\"og:image:type\" content=\"image\/webp\" \/>\n<meta name=\"twitter:card\" content=\"summary_large_image\" \/>\n<meta name=\"twitter:label1\" content=\"Est. reading time\" \/>\n\t<meta name=\"twitter:data1\" content=\"6 minutes\" \/>\n<script type=\"application\/ld+json\" class=\"yoast-schema-graph\">{\"@context\":\"https:\/\/schema.org\",\"@graph\":[{\"@type\":\"WebPage\",\"@id\":\"https:\/\/petmobility.hu\/hazirend\/\",\"url\":\"https:\/\/petmobility.hu\/hazirend\/\",\"name\":\"H\u00e1zirend - PetMobility\",\"isPartOf\":{\"@id\":\"https:\/\/petmobility.hu\/#website\"},\"primaryImageOfPage\":{\"@id\":\"https:\/\/petmobility.hu\/hazirend\/#primaryimage\"},\"image\":{\"@id\":\"https:\/\/petmobility.hu\/hazirend\/#primaryimage\"},\"thumbnailUrl\":\"https:\/\/petmobility.hu\/wp-content\/uploads\/2023\/09\/pet-mobility-hazirend-fejlec-kep-900x500px.webp\",\"datePublished\":\"2022-12-02T16:26:08+00:00\",\"dateModified\":\"2026-02-01T17:13:21+00:00\",\"breadcrumb\":{\"@id\":\"https:\/\/petmobility.hu\/hazirend\/#breadcrumb\"},\"inLanguage\":\"en-US\",\"potentialAction\":[{\"@type\":\"ReadAction\",\"target\":[\"https:\/\/petmobility.hu\/hazirend\/\"]}]},{\"@type\":\"ImageObject\",\"inLanguage\":\"en-US\",\"@id\":\"https:\/\/petmobility.hu\/hazirend\/#primaryimage\",\"url\":\"https:\/\/petmobility.hu\/wp-content\/uploads\/2023\/09\/pet-mobility-hazirend-fejlec-kep-900x500px.webp\",\"contentUrl\":\"https:\/\/petmobility.hu\/wp-content\/uploads\/2023\/09\/pet-mobility-hazirend-fejlec-kep-900x500px.webp\",\"width\":900,\"height\":500},{\"@type\":\"BreadcrumbList\",\"@id\":\"https:\/\/petmobility.hu\/hazirend\/#breadcrumb\",\"itemListElement\":[{\"@type\":\"ListItem\",\"position\":1,\"name\":\"Kezd\u0151lap\",\"item\":\"https:\/\/petmobility.hu\/\"},{\"@type\":\"ListItem\",\"position\":2,\"name\":\"H\u00e1zirend\"}]},{\"@type\":\"WebSite\",\"@id\":\"https:\/\/petmobility.hu\/#website\",\"url\":\"https:\/\/petmobility.hu\/\",\"name\":\"PetMobility\",\"description\":\"Kis&aacute;llat Fizioter&aacute;pi&aacute;s K&ouml;zpont\",\"potentialAction\":[{\"@type\":\"SearchAction\",\"target\":{\"@type\":\"EntryPoint\",\"urlTemplate\":\"https:\/\/petmobility.hu\/?s={search_term_string}\"},\"query-input\":{\"@type\":\"PropertyValueSpecification\",\"valueRequired\":true,\"valueName\":\"search_term_string\"}}],\"inLanguage\":\"en-US\"}]}<\/script>\n<!-- \/ Yoast SEO plugin. -->","yoast_head_json":{"title":"Rules- PetMobility","robots":{"index":"index","follow":"follow","max-snippet":"max-snippet:-1","max-image-preview":"max-image-preview:large","max-video-preview":"max-video-preview:-1"},"canonical":"https:\/\/petmobility.hu\/en\/hazirend\/","og_locale":"en_US","og_type":"article","og_title":"H\u00e1zirend - PetMobility","og_url":"https:\/\/petmobility.hu\/en\/hazirend\/","og_site_name":"PetMobility","article_modified_time":"2026-02-01T17:13:21+00:00","og_image":[{"width":900,"height":500,"url":"https:\/\/petmobility.hu\/wp-content\/uploads\/2023\/09\/pet-mobility-hazirend-fejlec-kep-900x500px.webp","type":"image\/webp"}],"twitter_card":"summary_large_image","twitter_misc":{"Est. reading time":"6 minutes"},"schema":{"@context":"https:\/\/schema.org","@graph":[{"@type":"WebPage","@id":"https:\/\/petmobility.hu\/hazirend\/","url":"https:\/\/petmobility.hu\/hazirend\/","name":"Rules- PetMobility","isPartOf":{"@id":"https:\/\/petmobility.hu\/#website"},"primaryImageOfPage":{"@id":"https:\/\/petmobility.hu\/hazirend\/#primaryimage"},"image":{"@id":"https:\/\/petmobility.hu\/hazirend\/#primaryimage"},"thumbnailUrl":"https:\/\/petmobility.hu\/wp-content\/uploads\/2023\/09\/pet-mobility-hazirend-fejlec-kep-900x500px.webp","datePublished":"2022-12-02T16:26:08+00:00","dateModified":"2026-02-01T17:13:21+00:00","breadcrumb":{"@id":"https:\/\/petmobility.hu\/hazirend\/#breadcrumb"},"inLanguage":"en-US","potentialAction":[{"@type":"ReadAction","target":["https:\/\/petmobility.hu\/hazirend\/"]}]},{"@type":"ImageObject","inLanguage":"en-US","@id":"https:\/\/petmobility.hu\/hazirend\/#primaryimage","url":"https:\/\/petmobility.hu\/wp-content\/uploads\/2023\/09\/pet-mobility-hazirend-fejlec-kep-900x500px.webp","contentUrl":"https:\/\/petmobility.hu\/wp-content\/uploads\/2023\/09\/pet-mobility-hazirend-fejlec-kep-900x500px.webp","width":900,"height":500},{"@type":"BreadcrumbList","@id":"https:\/\/petmobility.hu\/hazirend\/#breadcrumb","itemListElement":[{"@type":"ListItem","position":1,"name":"Kezd\u0151lap","item":"https:\/\/petmobility.hu\/"},{"@type":"ListItem","position":2,"name":"H\u00e1zirend"}]},{"@type":"WebSite","@id":"https:\/\/petmobility.hu\/#website","url":"https:\/\/petmobility.hu\/","name":"PetMobility","description":"Pet Physiotherapy Centre","potentialAction":[{"@type":"SearchAction","target":{"@type":"EntryPoint","urlTemplate":"https:\/\/petmobility.hu\/?s={search_term_string}"},"query-input":{"@type":"PropertyValueSpecification","valueRequired":true,"valueName":"search_term_string"}}],"inLanguage":"en-US"}]}},"_links":{"self":[{"href":"https:\/\/petmobility.hu\/en\/wp-json\/wp\/v2\/pages\/12"}],"collection":[{"href":"https:\/\/petmobility.hu\/en\/wp-json\/wp\/v2\/pages"}],"about":[{"href":"https:\/\/petmobility.hu\/en\/wp-json\/wp\/v2\/types\/page"}],"author":[{"embeddable":true,"href":"https:\/\/petmobility.hu\/en\/wp-json\/wp\/v2\/users\/1"}],"replies":[{"embeddable":true,"href":"https:\/\/petmobility.hu\/en\/wp-json\/wp\/v2\/comments?post=12"}],"version-history":[{"count":21,"href":"https:\/\/petmobility.hu\/en\/wp-json\/wp\/v2\/pages\/12\/revisions"}],"predecessor-version":[{"id":4887,"href":"https:\/\/petmobility.hu\/en\/wp-json\/wp\/v2\/pages\/12\/revisions\/4887"}],"wp:featuredmedia":[{"embeddable":true,"href":"https:\/\/petmobility.hu\/en\/wp-json\/wp\/v2\/media\/2562"}],"wp:attachment":[{"href":"https:\/\/petmobility.hu\/en\/wp-json\/wp\/v2\/media?parent=12"}],"curies":[{"name":"wp","href":"https:\/\/api.w.org\/{rel}","templated":true}]}}